{"id":2,"date":"2022-06-25T00:53:11","date_gmt":"2022-06-24T21:53:11","guid":{"rendered":"http:\/\/oztoprakmotel.com\/?page_id=2"},"modified":"2025-06-24T00:12:42","modified_gmt":"2025-06-23T21:12:42","slug":"ornek-sayfa","status":"publish","type":"page","link":"http:\/\/oztoprakmotel.com\/","title":{"rendered":"Ana Sayfa"},"content":{"rendered":"<div style=\"text-align: center;\"><a href=\"http:\/\/oztoprakmotel.com\/index.php\/fiyat-tarifesi\/\"><span style=\"font-size: 12pt;\"><em><b><span style=\"font-family: 'Source Sans Pro', sans-serif; color: red;\">2025 YAZ TAR\u0130FES\u0130 F\u0130YATLARIMIZ\u00a0 A\u00c7IKLANMI\u015eTIR.<\/span><\/b><\/em><\/span><\/a><\/div>\n<div style=\"text-align: center;\"><img decoding=\"async\" class=\"aligncenter wp-image-323 size-full\" src=\"http:\/\/oztoprakmotel.com\/wp-content\/uploads\/2022\/07\/oztoprek.gif\" alt=\"\" width=\"468\" height=\"60\" \/><\/div>\n<p><!-- Doviz724.com Yatay D\u00f6viz Kurlar\u0131 Kodu Sonu --><\/p>\n<p style=\"text-align: center; background: #FAFAFA; margin: 0cm 0cm 8.25pt 0cm;\" align=\"center\"><span style=\"color: #0000ff; font-size: 12pt; font-family: 'comic sans ms', sans-serif;\"><em><b>Bu Yaz En Uygun Fiyatlar Ve En G\u00fczel Tatili Size Biz Ya\u015fataca\u011f\u0131z.<\/b><\/em><\/span><\/p>\n<p style=\"text-align: center; background: #FAFAFA; margin: 0cm 0cm 8.25pt 0cm;\" align=\"center\"><span style=\"color: #000000; font-family: 'comic sans ms', sans-serif;\"><em><b><span style=\"font-size: 10.5pt;\">TAT\u0130L\u0130N ADI ERDEK\u2019SE! ERDE\u011e\u0130N TADI \u00d6ZTOPRAKMOTEL KAMP\u0130NG\u2019D\u0130R. EV YEMEKLER\u0130M\u0130 ARIYORSUNUZ ? TAM YER\u0130NDES\u0130N\u0130Z.\u0130\u015eLER\u2019DEN \u00c7OKMU BUNALDINIZ ? EVET ,T\u00dcM \u0130\u015e STERES\u0130N\u0130Z\u0130 ATAB\u0130LECE\u011e\u0130N\u0130Z YERDES\u0130N\u0130Z. \u0130\u015eTE S\u0130ZE B\u00dcT\u00dcN \u0130MKANLAR BURADA SUNULMAKTADIR. DO\u011eA \u0130LE BA\u015eBA\u015eA..\u00a0 KAL\u0130TEL\u0130 H\u0130ZMET, EV TADINDA YEMEK VE B\u00dcT\u00dcN STERES\u0130N\u0130Z\u0130 ATAB\u0130LECE\u011e\u0130N\u0130Z S\u00dcKUNET VE EN \u00d6NEML\u0130S\u0130 G\u00dcVENLE KALAB\u0130LECE\u011e\u0130N\u0130Z TECR\u00dcBEL\u0130 KADROSU \u0130LE \u00d6ZTOPRAK MOTEL TAM ARADI\u011eINIZ TAM D\u0130NLENEB\u0130LECE\u011e\u0130N\u0130Z KESEN\u0130ZE UYGUN <\/span><\/b><\/em><\/span><span style=\"font-size: 12pt;\"><strong><em><span style=\"font-family: 'Source Sans Pro', sans-serif; color: red;\">UNUTAMAYACA\u011eINIZ TAT\u0130L\u0130\u00a0B\u0130Z VAAD ED\u0130YORUZ\u2026<\/span><\/em><\/strong><\/span><\/p>\n<p align=\"center\"><div class=\"su-custom-gallery su-custom-gallery-align-left su-custom-gallery-title-hover su-lightbox-gallery\"><div class=\"su-custom-gallery-slide\" style=\"width:200px;height:200px\"><a href=\"http:\/\/oztoprakmotel.com\/wp-content\/uploads\/2022\/06\/SAM_6774-scaled.jpg\" title=\"\u00d6ztoprakmotel Kamping\"><img decoding=\"async\" src=\"http:\/\/oztoprakmotel.com\/wp-content\/uploads\/2022\/06\/SAM_6774-scaled.jpg\" alt=\"\u00d6ztoprakmotel Kamping\" width=\"200\" height=\"200\" \/><span class=\"su-custom-gallery-title\">\u00d6ztoprakmotel Kamping<\/span><\/a><\/div><div class=\"su-custom-gallery-slide\" style=\"width:200px;height:200px\"><a href=\"http:\/\/oztoprakmotel.com\/wp-content\/uploads\/2022\/06\/SAM_6756-scaled.jpg\" title=\"\u00d6ztoprakmotel Kamping\"><img decoding=\"async\" src=\"http:\/\/oztoprakmotel.com\/wp-content\/uploads\/2022\/06\/SAM_6756-scaled.jpg\" alt=\"\u00d6ztoprakmotel Kamping\" width=\"200\" height=\"200\" \/><span class=\"su-custom-gallery-title\">\u00d6ztoprakmotel Kamping<\/span><\/a><\/div><div class=\"su-custom-gallery-slide\" style=\"width:200px;height:200px\"><a href=\"http:\/\/oztoprakmotel.com\/wp-content\/uploads\/2022\/06\/SAM_6247-scaled.jpg\" title=\"\u00d6ztoprakmotel Kamping\"><img loading=\"lazy\" decoding=\"async\" src=\"http:\/\/oztoprakmotel.com\/wp-content\/uploads\/2022\/06\/SAM_6247-scaled.jpg\" alt=\"\u00d6ztoprakmotel Kamping\" width=\"200\" height=\"200\" \/><span class=\"su-custom-gallery-title\">\u00d6ztoprakmotel Kamping<\/span><\/a><\/div><div class=\"su-custom-gallery-slide\" style=\"width:200px;height:200px\"><a href=\"http:\/\/oztoprakmotel.com\/wp-content\/uploads\/2022\/06\/SAM_6723-scaled.jpg\" title=\"\u00d6ztoprakmotel Kamping\"><img loading=\"lazy\" decoding=\"async\" src=\"http:\/\/oztoprakmotel.com\/wp-content\/uploads\/2022\/06\/SAM_6723-scaled.jpg\" alt=\"\u00d6ztoprakmotel Kamping\" width=\"200\" height=\"200\" \/><span class=\"su-custom-gallery-title\">\u00d6ztoprakmotel Kamping<\/span><\/a><\/div><div class=\"su-clear\"><\/div><\/div>\n<p align=\"center\"><span style=\"color: #ff0000; font-size: 12pt;\"><em><b><span style=\"font-family: 'Source Sans Pro', sans-serif;\">MANGAL KEYF\u0130NE HO\u015eGELD\u0130N\u0130Z. MOTEL\u0130M\u0130Z 12 AY BOYUNCA H\u0130ZMET VERMEKTED\u0130R. \u00d6ZEL G\u00dcNLER\u0130N\u0130ZDE\u2019DE YANINIZDAYIZ.<\/span><\/b><\/em><\/span><\/p>\n<p style=\"text-align: center;\"><div class=\"su-custom-gallery su-custom-gallery-align-left su-custom-gallery-title-hover su-lightbox-gallery\"><div class=\"su-custom-gallery-slide\" style=\"width:200px;height:150px\"><a href=\"http:\/\/oztoprakmotel.com\/wp-content\/uploads\/2022\/06\/barbeku-mangal.gif\" title=\"barbeku-mangal\"><img loading=\"lazy\" decoding=\"async\" src=\"http:\/\/oztoprakmotel.com\/wp-content\/uploads\/2022\/06\/barbeku-mangal-200x150.gif\" alt=\"barbeku-mangal\" width=\"200\" height=\"150\" \/><span class=\"su-custom-gallery-title\">barbeku-mangal<\/span><\/a><\/div><div class=\"su-custom-gallery-slide\" style=\"width:200px;height:150px\"><a href=\"http:\/\/oztoprakmotel.com\/wp-content\/uploads\/2022\/07\/mangal.jpg\" title=\"Mangal Keyfi\"><img loading=\"lazy\" decoding=\"async\" src=\"http:\/\/oztoprakmotel.com\/wp-content\/uploads\/2022\/07\/mangal-200x150.jpg\" alt=\"Mangal Keyfi\" width=\"200\" height=\"150\" \/><span class=\"su-custom-gallery-title\">Mangal Keyfi<\/span><\/a><\/div><div class=\"su-custom-gallery-slide\" style=\"width:200px;height:150px\"><a href=\"http:\/\/oztoprakmotel.com\/wp-content\/uploads\/2022\/06\/SAM_6311-scaled.jpg\" title=\"\u00d6ztoprakmotel Kamping\"><img loading=\"lazy\" decoding=\"async\" src=\"http:\/\/oztoprakmotel.com\/wp-content\/uploads\/2022\/06\/SAM_6311-scaled.jpg\" alt=\"\u00d6ztoprakmotel Kamping\" width=\"200\" height=\"150\" \/><span class=\"su-custom-gallery-title\">\u00d6ztoprakmotel Kamping<\/span><\/a><\/div><div class=\"su-custom-gallery-slide\" style=\"width:200px;height:150px\"><a href=\"http:\/\/oztoprakmotel.com\/wp-content\/uploads\/2022\/06\/IMG-20200804-WA0024.jpg\" title=\"\u00d6ztoprakmotel Kamping\"><img loading=\"lazy\" decoding=\"async\" src=\"http:\/\/oztoprakmotel.com\/wp-content\/uploads\/2022\/06\/IMG-20200804-WA0024-200x150.jpg\" alt=\"\u00d6ztoprakmotel Kamping\" width=\"200\" height=\"150\" \/><span class=\"su-custom-gallery-title\">\u00d6ztoprakmotel Kamping<\/span><\/a><\/div><div class=\"su-clear\"><\/div><\/div>\n<p style=\"text-align: center;\"><span style=\"font-family: 'comic sans ms', sans-serif; color: #ff0000; font-size: 14pt;\"><em><strong>GARDEN BEACH<\/strong><\/em><\/span><\/p>\n<p style=\"text-align: center;\"><a href=\"http:\/\/oztoprakmotel.com\/wp-content\/uploads\/2022\/06\/20210721_114150-scaled.jpg\"><img loading=\"lazy\" decoding=\"async\" class=\"alignnone wp-image-106 size-medium\" src=\"http:\/\/oztoprakmotel.com\/wp-content\/uploads\/2022\/06\/20210721_114150-300x135.jpg\" alt=\"\" width=\"300\" height=\"135\" srcset=\"http:\/\/oztoprakmotel.com\/wp-content\/uploads\/2022\/06\/20210721_114150-300x135.jpg 300w, http:\/\/oztoprakmotel.com\/wp-content\/uploads\/2022\/06\/20210721_114150-1024x462.jpg 1024w, http:\/\/oztoprakmotel.com\/wp-content\/uploads\/2022\/06\/20210721_114150-768x346.jpg 768w, http:\/\/oztoprakmotel.com\/wp-content\/uploads\/2022\/06\/20210721_114150-1536x692.jpg 1536w, http:\/\/oztoprakmotel.com\/wp-content\/uploads\/2022\/06\/20210721_114150-2048x923.jpg 2048w\" sizes=\"(max-width: 300px) 100vw, 300px\" \/><\/a><\/p>\n<p style=\"text-align: center;\"><span style=\"font-size: 14pt; color: #ff6600; font-family: 'comic sans ms', sans-serif;\"><em><strong>\u00d6ZEL G\u00dcNLER\u0130N\u0130Z\u00a0<\/strong><\/em><\/span><\/p>\n<p style=\"text-align: center;\"><span style=\"color: #ff0000; font-family: 'comic sans ms', sans-serif;\"><span style=\"color: #000000;\"><strong><em>Kendin Pi\u015fir Kendin Ye\u00a0<\/em><\/strong><\/span><strong><em>Mangal Keyfi 110 Ki\u015fiye kadar<\/em><\/strong><strong><em>\u00a0<span style=\"color: #000000;\">D\u00fc\u011f\u00fcn, Ni\u015fan, S\u00fcnnet, Kokteyl, Toplant\u0131, Davet ve \u00d6zel G\u00fcnlerinizde<\/span>\u00a0<\/em><\/strong><strong><em>12 Ay <span style=\"color: #000000;\">Boyunca<\/span><\/em><\/strong><span style=\"color: #000000;\"><strong><em>\u00a0Hizmetinizdeyiz.<\/em><\/strong><\/span><\/span><\/p>\n<p style=\"text-align: center;\"><div class=\"su-custom-gallery su-custom-gallery-align-left su-custom-gallery-title-hover su-lightbox-gallery\"><div class=\"su-custom-gallery-slide\" style=\"width:200px;height:150px\"><a href=\"http:\/\/oztoprakmotel.com\/wp-content\/uploads\/2022\/07\/nikah-masasi.jpg\" title=\"Nikah masas\u0131\"><img loading=\"lazy\" decoding=\"async\" src=\"http:\/\/oztoprakmotel.com\/wp-content\/uploads\/2022\/07\/nikah-masasi-200x150.jpg\" alt=\"Nikah masas\u0131\" width=\"200\" height=\"150\" \/><span class=\"su-custom-gallery-title\">Nikah masas\u0131<\/span><\/a><\/div><div class=\"su-custom-gallery-slide\" style=\"width:200px;height:150px\"><a href=\"http:\/\/oztoprakmotel.com\/wp-content\/uploads\/2022\/07\/nikah-masalari-817x350@2x.jpg\" title=\"Davetli b\u00f6l\u00fcm\u00fc\"><img loading=\"lazy\" decoding=\"async\" src=\"http:\/\/oztoprakmotel.com\/wp-content\/uploads\/2022\/07\/nikah-masalari-817x350@2x-200x150.jpg\" alt=\"Davetli b\u00f6l\u00fcm\u00fc\" width=\"200\" height=\"150\" \/><span class=\"su-custom-gallery-title\">Davetli b\u00f6l\u00fcm\u00fc<\/span><\/a><\/div><div class=\"su-custom-gallery-slide\" style=\"width:200px;height:150px\"><a href=\"http:\/\/oztoprakmotel.com\/wp-content\/uploads\/2022\/07\/nikah-bahcede-1.jpg\" title=\"nikah-bahcede\"><img loading=\"lazy\" decoding=\"async\" src=\"http:\/\/oztoprakmotel.com\/wp-content\/uploads\/2022\/07\/nikah-bahcede-1-200x150.jpg\" alt=\"nikah-bahcede\" width=\"200\" height=\"150\" \/><span class=\"su-custom-gallery-title\">nikah-bahcede<\/span><\/a><\/div><div class=\"su-custom-gallery-slide\" style=\"width:200px;height:150px\"><a href=\"http:\/\/oztoprakmotel.com\/wp-content\/uploads\/2022\/07\/nikah-tA\u0192A\u00b6reni.jpg\" title=\"Davetli b\u00f6l\u00fcm\u00fc\"><img loading=\"lazy\" decoding=\"async\" src=\"http:\/\/oztoprakmotel.com\/wp-content\/uploads\/2022\/07\/nikah-tA\u0192A\u00b6reni-200x150.jpg\" alt=\"Davetli b\u00f6l\u00fcm\u00fc\" width=\"200\" height=\"150\" \/><span class=\"su-custom-gallery-title\">Davetli b\u00f6l\u00fcm\u00fc<\/span><\/a><\/div><div class=\"su-clear\"><\/div><\/div>\n<div class=\"ltr-d\">\n<p class=\"shortcode-generated\" style=\"text-align: center;\">\n<\/div>\n<div class=\"ltr-d\">\n<p class=\"shortcode-generated\">\n<\/div>\n","protected":false},"excerpt":{"rendered":"<p>2025 YAZ TAR\u0130FES\u0130 F\u0130YATLARIMIZ\u00a0 A\u00c7IKLANMI\u015eTIR. Bu Yaz En Uygun Fiyatlar Ve En G\u00fczel Tatili Size Biz Ya\u015fataca\u011f\u0131z. TAT\u0130L\u0130N ADI ERDEK\u2019SE! ERDE\u011e\u0130N TADI \u00d6ZTOPRAKMOTEL KAMP\u0130NG\u2019D\u0130R. EV YEMEKLER\u0130M\u0130 ARIYORSUNUZ ? TAM YER\u0130NDES\u0130N\u0130Z.\u0130\u015eLER\u2019DEN \u00c7OKMU BUNALDINIZ ? EVET ,T\u00dcM \u0130\u015e STERES\u0130N\u0130Z\u0130 ATAB\u0130LECE\u011e\u0130N\u0130Z YERDES\u0130N\u0130Z. \u0130\u015eTE S\u0130ZE B\u00dcT\u00dcN \u0130MKANLAR BURADA SUNULMAKTADIR. DO\u011eA \u0130LE BA\u015eBA\u015eA..\u00a0 KAL\u0130TEL\u0130 H\u0130ZMET, EV TADINDA YEMEK VE B\u00dcT\u00dcN [&hellip;]<\/p>\n","protected":false},"author":1,"featured_media":0,"parent":0,"menu_order":0,"comment_status":"closed","ping_status":"open","template":"","meta":{"footnotes":""},"class_list":["post-2","page","type-page","status-publish","czr-hentry"],"_links":{"self":[{"href":"http:\/\/oztoprakmotel.com\/index.php\/wp-json\/wp\/v2\/pages\/2","targetHints":{"allow":["GET"]}}],"collection":[{"href":"http:\/\/oztoprakmotel.com\/index.php\/wp-json\/wp\/v2\/pages"}],"about":[{"href":"http:\/\/oztoprakmotel.com\/index.php\/wp-json\/wp\/v2\/types\/page"}],"author":[{"embeddable":true,"href":"http:\/\/oztoprakmotel.com\/index.php\/wp-json\/wp\/v2\/users\/1"}],"replies":[{"embeddable":true,"href":"http:\/\/oztoprakmotel.com\/index.php\/wp-json\/wp\/v2\/comments?post=2"}],"version-history":[{"count":45,"href":"http:\/\/oztoprakmotel.com\/index.php\/wp-json\/wp\/v2\/pages\/2\/revisions"}],"predecessor-version":[{"id":432,"href":"http:\/\/oztoprakmotel.com\/index.php\/wp-json\/wp\/v2\/pages\/2\/revisions\/432"}],"wp:attachment":[{"href":"http:\/\/oztoprakmotel.com\/index.php\/wp-json\/wp\/v2\/media?parent=2"}],"curies":[{"name":"wp","href":"https:\/\/api.w.org\/{rel}","templated":true}]}}