{"id":19,"date":"2022-06-25T01:15:04","date_gmt":"2022-06-24T22:15:04","guid":{"rendered":"http:\/\/oztoprakmotel.com\/?page_id=19"},"modified":"2025-06-24T00:28:52","modified_gmt":"2025-06-23T21:28:52","slug":"iletisim","status":"publish","type":"page","link":"http:\/\/oztoprakmotel.com\/index.php\/iletisim\/","title":{"rendered":"\u0130leti\u015fim"},"content":{"rendered":"<p align=\"center\"><div class=\"wpforms-container wpforms-container-full\" id=\"wpforms-299\"><form id=\"wpforms-form-299\" class=\"wpforms-validate wpforms-form wpforms-ajax-form\" data-formid=\"299\" method=\"post\" enctype=\"multipart\/form-data\" action=\"\/index.php\/wp-json\/wp\/v2\/pages\/19\" data-token=\"2f760ac8be0ff2539ac3ae5419f339e9\" data-token-time=\"1776762145\"><noscript class=\"wpforms-error-noscript\">Bu formu bitirebilmek i\u00e7in taray\u0131c\u0131n\u0131zda JavaScript&#039;i etkinle\u015ftirin.<\/noscript><div class=\"wpforms-field-container\"><div id=\"wpforms-299-field_1-container\" class=\"wpforms-field wpforms-field-name\" data-field-id=\"1\"><label class=\"wpforms-field-label\" for=\"wpforms-299-field_1\">\u0130sim <span class=\"wpforms-required-label\">*<\/span><\/label><input type=\"text\" id=\"wpforms-299-field_1\" class=\"wpforms-field-medium wpforms-field-required\" name=\"wpforms[fields][1]\" required><\/div><div id=\"wpforms-299-field_2-container\" class=\"wpforms-field wpforms-field-email\" data-field-id=\"2\"><label class=\"wpforms-field-label\" for=\"wpforms-299-field_2\">Email <span class=\"wpforms-required-label\">*<\/span><\/label><input type=\"email\" id=\"wpforms-299-field_2\" class=\"wpforms-field-medium wpforms-field-required\" name=\"wpforms[fields][2]\" spellcheck=\"false\" required><\/div><div id=\"wpforms-299-field_3-container\" class=\"wpforms-field wpforms-field-textarea\" data-field-id=\"3\"><label class=\"wpforms-field-label\" for=\"wpforms-299-field_3\">Mesaj\u0131n\u0131z <span class=\"wpforms-required-label\">*<\/span><\/label><textarea id=\"wpforms-299-field_3\" class=\"wpforms-field-medium wpforms-field-required\" name=\"wpforms[fields][3]\" required><\/textarea><\/div><\/div><!-- .wpforms-field-container --><div class=\"wpforms-submit-container\" ><input type=\"hidden\" name=\"wpforms[id]\" value=\"299\"><input type=\"hidden\" name=\"page_title\" value=\"\"><input type=\"hidden\" name=\"page_url\" value=\"http:\/\/oztoprakmotel.com\/index.php\/wp-json\/wp\/v2\/pages\/19\"><input type=\"hidden\" name=\"url_referer\" value=\"\"><button type=\"submit\" name=\"wpforms[submit]\" id=\"wpforms-submit-299\" class=\"wpforms-submit\" data-alt-text=\"G\u00f6nderiliyor...\" data-submit-text=\"G\u00f6nder\" aria-live=\"assertive\" value=\"wpforms-submit\">G\u00f6nder<\/button><img decoding=\"async\" src=\"http:\/\/oztoprakmotel.com\/wp-content\/plugins\/wpforms-lite\/assets\/images\/submit-spin.svg\" class=\"wpforms-submit-spinner\" style=\"display: none;\" width=\"26\" height=\"26\" alt=\"Y\u00fckleniyor\"><\/div><\/form><\/div>  <!-- .wpforms-container -->\n<p style=\"text-align: center; background: #FAFAFA; margin: 0cm 0cm 8.25pt 0cm;\" align=\"center\"><span style=\"font-size: 12pt;\"><strong><i><span style=\"font-family: 'Source Sans Pro', sans-serif; color: maroon; background: white;\">Harita ve Yol Tarifi<\/span><\/i><\/strong><\/span><\/p>\n<p style=\"text-align: center; background: #FAFAFA; margin: 0cm 0cm 8.25pt 0cm;\" align=\"center\"><strong><span style=\"font-size: 10.5pt; font-family: 'Source Sans Pro',sans-serif; color: maroon; background: white;\">\u00a0<\/span><\/strong><em><b><span style=\"font-size: 10.5pt; font-family: 'Source Sans Pro',sans-serif; color: maroon; background: white;\"><span style=\"font-size: 12pt;\"> \u00a0ADRES: Ali \u00d6ztoprak Tatil Evleri Zeytinli mahallesi Arif kal\u0131ps\u0131z o\u011flu caddesi numara 276 Erdek \/ Bal\u0131kesir<\/span><\/span><\/b><\/em><\/p>\n<p style=\"text-align: center; background: #FAFAFA; margin: 0cm 0cm 8.25pt 0cm;\" align=\"center\"><span style=\"font-size: 12pt;\"><strong><i><span style=\"font-family: 'Source Sans Pro', sans-serif; color: maroon; background: white;\">\u00a0 TEL: 0266\u00a0 855 70 29\u20260266\u00a0 855 70 51\u20260532 204 67 62\u2026\u00a0\u00a0\u00a0ERDEK \/ BALIKES\u0130R\u2026<\/span><\/i><\/strong><\/span><\/p>\n<p align=\"center\"><iframe src=\"https:\/\/www.google.com\/maps\/d\/u\/0\/embed?mid=131BspnimMToVeUbSODaqwWKYpuoRtbE&amp;ehbc=2E312F\" width=\"640\" height=\"480\"><\/iframe><\/p>\n","protected":false},"excerpt":{"rendered":"<p>Harita ve Yol Tarifi \u00a0 \u00a0ADRES: Ali \u00d6ztoprak Tatil Evleri Zeytinli mahallesi Arif kal\u0131ps\u0131z o\u011flu caddesi numara 276 Erdek \/ Bal\u0131kesir \u00a0 TEL: 0266\u00a0 855 70 29\u20260266\u00a0 855 70 51\u20260532 204 67 62\u2026\u00a0\u00a0\u00a0ERDEK \/ BALIKES\u0130R\u2026<\/p>\n","protected":false},"author":1,"featured_media":227,"parent":0,"menu_order":0,"comment_status":"closed","ping_status":"closed","template":"","meta":{"footnotes":""},"class_list":["post-19","page","type-page","status-publish","has-post-thumbnail","czr-hentry"],"_links":{"self":[{"href":"http:\/\/oztoprakmotel.com\/index.php\/wp-json\/wp\/v2\/pages\/19","targetHints":{"allow":["GET"]}}],"collection":[{"href":"http:\/\/oztoprakmotel.com\/index.php\/wp-json\/wp\/v2\/pages"}],"about":[{"href":"http:\/\/oztoprakmotel.com\/index.php\/wp-json\/wp\/v2\/types\/page"}],"author":[{"embeddable":true,"href":"http:\/\/oztoprakmotel.com\/index.php\/wp-json\/wp\/v2\/users\/1"}],"replies":[{"embeddable":true,"href":"http:\/\/oztoprakmotel.com\/index.php\/wp-json\/wp\/v2\/comments?post=19"}],"version-history":[{"count":8,"href":"http:\/\/oztoprakmotel.com\/index.php\/wp-json\/wp\/v2\/pages\/19\/revisions"}],"predecessor-version":[{"id":436,"href":"http:\/\/oztoprakmotel.com\/index.php\/wp-json\/wp\/v2\/pages\/19\/revisions\/436"}],"wp:featuredmedia":[{"embeddable":true,"href":"http:\/\/oztoprakmotel.com\/index.php\/wp-json\/wp\/v2\/media\/227"}],"wp:attachment":[{"href":"http:\/\/oztoprakmotel.com\/index.php\/wp-json\/wp\/v2\/media?parent=19"}],"curies":[{"name":"wp","href":"https:\/\/api.w.org\/{rel}","templated":true}]}}