{"id":17,"date":"2022-06-25T01:14:55","date_gmt":"2022-06-24T22:14:55","guid":{"rendered":"http:\/\/oztoprakmotel.com\/?page_id=17"},"modified":"2025-06-24T00:30:38","modified_gmt":"2025-06-23T21:30:38","slug":"ulasim","status":"publish","type":"page","link":"http:\/\/oztoprakmotel.com\/index.php\/ulasim\/","title":{"rendered":"Ula\u015f\u0131m"},"content":{"rendered":"<p align=\"center\"><span style=\"color: #ff0000;\"><strong><i>Harita ve Yol Tarifi<\/i><\/strong><\/span><\/p>\n<p align=\"center\"><span style=\"color: #ff0000;\"><strong>\u00a0<\/strong><em><b>\u00a0\u00a0ADRES: Ali \u00d6ztoprak Tatil Evleri Zeytinli mahallesi Arif kal\u0131ps\u0131z o\u011flu caddesi numara 276 Erdek \/ Bal\u0131kesir<\/b><\/em><\/span><\/p>\n<p align=\"center\"><span style=\"color: #ba2d2d;\"><strong><i>\u00a0 TEL: 0266\u00a0 855 70 29\u20260266\u00a0 855 70 51\u20260532 204 67 62\u2026\u00a0\u00a0\u00a0ERDEK \/ BALIKES\u0130R\u2026<\/i><\/strong><\/span><\/p>\n","protected":false},"excerpt":{"rendered":"<p>Harita ve Yol Tarifi \u00a0\u00a0\u00a0ADRES: Ali \u00d6ztoprak Tatil Evleri Zeytinli mahallesi Arif kal\u0131ps\u0131z o\u011flu caddesi numara 276 Erdek \/ Bal\u0131kesir \u00a0 TEL: 0266\u00a0 855 70 29\u20260266\u00a0 855 70 51\u20260532 204 67 62\u2026\u00a0\u00a0\u00a0ERDEK \/ BALIKES\u0130R\u2026<\/p>\n","protected":false},"author":1,"featured_media":0,"parent":0,"menu_order":0,"comment_status":"closed","ping_status":"closed","template":"","meta":{"footnotes":""},"class_list":["post-17","page","type-page","status-publish","czr-hentry"],"_links":{"self":[{"href":"http:\/\/oztoprakmotel.com\/index.php\/wp-json\/wp\/v2\/pages\/17","targetHints":{"allow":["GET"]}}],"collection":[{"href":"http:\/\/oztoprakmotel.com\/index.php\/wp-json\/wp\/v2\/pages"}],"about":[{"href":"http:\/\/oztoprakmotel.com\/index.php\/wp-json\/wp\/v2\/types\/page"}],"author":[{"embeddable":true,"href":"http:\/\/oztoprakmotel.com\/index.php\/wp-json\/wp\/v2\/users\/1"}],"replies":[{"embeddable":true,"href":"http:\/\/oztoprakmotel.com\/index.php\/wp-json\/wp\/v2\/comments?post=17"}],"version-history":[{"count":2,"href":"http:\/\/oztoprakmotel.com\/index.php\/wp-json\/wp\/v2\/pages\/17\/revisions"}],"predecessor-version":[{"id":437,"href":"http:\/\/oztoprakmotel.com\/index.php\/wp-json\/wp\/v2\/pages\/17\/revisions\/437"}],"wp:attachment":[{"href":"http:\/\/oztoprakmotel.com\/index.php\/wp-json\/wp\/v2\/media?parent=17"}],"curies":[{"name":"wp","href":"https:\/\/api.w.org\/{rel}","templated":true}]}}