{"id":15,"date":"2022-06-25T01:14:45","date_gmt":"2022-06-24T22:14:45","guid":{"rendered":"http:\/\/oztoprakmotel.com\/?page_id=15"},"modified":"2022-07-02T01:08:28","modified_gmt":"2022-07-01T22:08:28","slug":"kis-etkinlikleri","status":"publish","type":"page","link":"http:\/\/oztoprakmotel.com\/index.php\/kis-etkinlikleri\/","title":{"rendered":"K\u0131\u015f Etkinlikleri"},"content":{"rendered":"<p style=\"text-align: center;\"><img decoding=\"async\" class=\"aligncenter wp-image-320 size-full\" src=\"http:\/\/oztoprakmotel.com\/wp-content\/uploads\/2022\/07\/ozelgun.gif\" alt=\"\" width=\"468\" height=\"60\" \/><\/p>\n<p style=\"text-align: center;\"><span style=\"color: #ff0000;\"><em><strong><span style=\"font-family: 'comic sans ms', sans-serif;\">MOTEL\u0130M\u0130Z KI\u015e SEZONUNDA A\u00c7IKTIR. KAHVALTI, MANGAL VE \u00c7E\u015e\u0130TL\u0130 MEZELER\u0130M\u0130ZLE S\u0130ZLERLEY\u0130Z.<\/span><\/strong><\/em><\/span><\/p>\n<p style=\"text-align: center;\"><img fetchpriority=\"high\" decoding=\"async\" class=\"aligncenter wp-image-326\" src=\"http:\/\/oztoprakmotel.com\/wp-content\/uploads\/2022\/07\/mangal.jpg\" alt=\"\" width=\"436\" height=\"327\" \/><\/p>\n<p style=\"text-align: center;\"><span style=\"color: #0000ff; font-family: 'comic sans ms', sans-serif;\"><strong><em><u>KEND\u0130N P\u0130\u015e\u0130R KEND\u0130N YE<\/u><\/em><\/strong><\/span><\/p>\n<p style=\"text-align: center;\"><span style=\"font-family: 'comic sans ms', sans-serif; color: #ff0000;\"><strong><em>KI\u015e BOYUNCA KAPALI ORTAMDA\u00a0<\/em><\/strong><strong><em>(\u00d6ZEL HAVALANDIRMA SAYES\u0130NDE)<\/em><\/strong><strong><em>\u00a0ET MANGAL\u2019A NE DERS\u0130N\u0130Z??<\/em><\/strong><\/span><\/p>\n<p style=\"text-align: center;\"><span style=\"font-family: 'comic sans ms', sans-serif; color: #ff0000;\"><strong><em>G\u00dcND\u00dcZ YADA AK\u015eAM HAFTANIN HER G\u00dcN\u00dc \u00d6ZLENEN KEYF\u0130 YA\u015eAMAK \u0130\u00c7\u0130N F\u0130KS MEN\u00dc UYGULAMASIYLA\u2019DA S\u0130ZLERE HO\u015e B\u0130R ORTAM SUNMAKTADIR.<\/em><\/strong><\/span><\/p>\n<p style=\"text-align: center;\"><img decoding=\"async\" class=\"aligncenter wp-image-380 size-full\" src=\"http:\/\/oztoprakmotel.com\/wp-content\/uploads\/2022\/07\/01012011605.jpg\" alt=\"\" width=\"1280\" height=\"960\" srcset=\"http:\/\/oztoprakmotel.com\/wp-content\/uploads\/2022\/07\/01012011605.jpg 1280w, http:\/\/oztoprakmotel.com\/wp-content\/uploads\/2022\/07\/01012011605-300x225.jpg 300w, http:\/\/oztoprakmotel.com\/wp-content\/uploads\/2022\/07\/01012011605-1024x768.jpg 1024w, http:\/\/oztoprakmotel.com\/wp-content\/uploads\/2022\/07\/01012011605-768x576.jpg 768w\" sizes=\"(max-width: 1280px) 100vw, 1280px\" \/><\/p>\n<p style=\"text-align: center;\"><span style=\"color: #0000ff; font-family: 'comic sans ms', sans-serif;\"><strong><em>MOTEL\u0130M\u0130Z 12 AY BOYUNCA H\u0130ZMET VERMEKTED\u0130R.<\/em><\/strong><\/span><\/p>\n<p style=\"text-align: center;\"><span style=\"color: #ff0000; font-family: 'comic sans ms', sans-serif;\"><strong><em><u>ISI S\u0130STEMLER\u0130<\/u><\/em><\/strong><\/span><\/p>\n<p style=\"text-align: center;\"><span style=\"font-family: 'comic sans ms', sans-serif; color: #008000;\"><strong><em>ODALARIMIZDA ISINMA ELEKTR\u0130K SOBALARI \u0130LE SA\u011eLANMAKTADIR.<\/em><\/strong><\/span><\/p>\n<p style=\"text-align: center;\"><span style=\"color: #0000ff; font-family: 'comic sans ms', sans-serif;\"><strong><em><u>\u00d6ZEL F\u0130YATLARIMIZ<\/u><\/em><\/strong><strong><em><u>\u00a0\u0130\u00c7\u0130N L\u00dcTFEN TELEFON A\u00c7INIZ.<\/u><\/em><\/strong><\/span><\/p>\n<p style=\"text-align: center;\"><span style=\"color: #ff0000; font-family: 'comic sans ms', sans-serif;\"><strong><em>1-<\/em><\/strong><strong><em>\u00a0KEND\u0130N P\u0130\u015e\u0130R KEND\u0130N YE<\/em><\/strong><\/span><\/p>\n<p style=\"text-align: center;\"><span style=\"color: #ff0000; font-family: 'comic sans ms', sans-serif;\"><strong><em>2-<\/em><\/strong><strong><em>MANGAL KEYF\u0130\u00a0<\/em><\/strong><strong><em>(GER\u00c7EK)<\/em><\/strong><\/span><\/p>\n<p style=\"text-align: center;\"><span style=\"color: #ff0000; font-family: 'comic sans ms', sans-serif;\"><strong><em>3-<\/em><\/strong><strong><em>110 K\u0130\u015e\u0130YE KADAR<\/em><\/strong><\/span><\/p>\n<p style=\"text-align: center;\"><span style=\"color: #0000ff; font-family: 'comic sans ms', sans-serif;\"><strong><em>D\u00dc\u011e\u00dcN,N\u0130\u015eAN,S\u00dcNNET,KOKTEYL,TOPLANTI,DAVET<\/em><\/strong><strong><em>\u00a0VE\u00a0<\/em><\/strong><strong><em>\u00d6ZEL G\u00dcNLER\u0130N\u0130ZDE\u00a0<\/em><\/strong><strong><em>12 AY<\/em><\/strong><strong><em>\u00a0BOYUNCA\u00a0<\/em><\/strong><strong><em>H\u0130ZMET\u0130N\u0130ZDEY\u0130Z.<\/em><\/strong><\/span><\/p>\n","protected":false},"excerpt":{"rendered":"<p>MOTEL\u0130M\u0130Z KI\u015e SEZONUNDA A\u00c7IKTIR. KAHVALTI, MANGAL VE \u00c7E\u015e\u0130TL\u0130 MEZELER\u0130M\u0130ZLE S\u0130ZLERLEY\u0130Z. KEND\u0130N P\u0130\u015e\u0130R KEND\u0130N YE KI\u015e BOYUNCA KAPALI ORTAMDA\u00a0(\u00d6ZEL HAVALANDIRMA SAYES\u0130NDE)\u00a0ET MANGAL\u2019A NE DERS\u0130N\u0130Z?? G\u00dcND\u00dcZ YADA AK\u015eAM HAFTANIN HER G\u00dcN\u00dc \u00d6ZLENEN KEYF\u0130 YA\u015eAMAK \u0130\u00c7\u0130N F\u0130KS MEN\u00dc UYGULAMASIYLA\u2019DA S\u0130ZLERE HO\u015e B\u0130R ORTAM SUNMAKTADIR. MOTEL\u0130M\u0130Z 12 AY BOYUNCA H\u0130ZMET VERMEKTED\u0130R. ISI S\u0130STEMLER\u0130 ODALARIMIZDA ISINMA ELEKTR\u0130K SOBALARI \u0130LE SA\u011eLANMAKTADIR. [&hellip;]<\/p>\n","protected":false},"author":1,"featured_media":384,"parent":0,"menu_order":0,"comment_status":"closed","ping_status":"closed","template":"","meta":{"footnotes":""},"class_list":["post-15","page","type-page","status-publish","has-post-thumbnail","czr-hentry"],"_links":{"self":[{"href":"http:\/\/oztoprakmotel.com\/index.php\/wp-json\/wp\/v2\/pages\/15","targetHints":{"allow":["GET"]}}],"collection":[{"href":"http:\/\/oztoprakmotel.com\/index.php\/wp-json\/wp\/v2\/pages"}],"about":[{"href":"http:\/\/oztoprakmotel.com\/index.php\/wp-json\/wp\/v2\/types\/page"}],"author":[{"embeddable":true,"href":"http:\/\/oztoprakmotel.com\/index.php\/wp-json\/wp\/v2\/users\/1"}],"replies":[{"embeddable":true,"href":"http:\/\/oztoprakmotel.com\/index.php\/wp-json\/wp\/v2\/comments?post=15"}],"version-history":[{"count":9,"href":"http:\/\/oztoprakmotel.com\/index.php\/wp-json\/wp\/v2\/pages\/15\/revisions"}],"predecessor-version":[{"id":398,"href":"http:\/\/oztoprakmotel.com\/index.php\/wp-json\/wp\/v2\/pages\/15\/revisions\/398"}],"wp:featuredmedia":[{"embeddable":true,"href":"http:\/\/oztoprakmotel.com\/index.php\/wp-json\/wp\/v2\/media\/384"}],"wp:attachment":[{"href":"http:\/\/oztoprakmotel.com\/index.php\/wp-json\/wp\/v2\/media?parent=15"}],"curies":[{"name":"wp","href":"https:\/\/api.w.org\/{rel}","templated":true}]}}